{"id":815,"date":"2020-02-01T19:29:00","date_gmt":"2020-02-01T18:29:00","guid":{"rendered":"http:\/\/thisislilja.com\/?page_id=815"},"modified":"2026-03-20T10:57:12","modified_gmt":"2026-03-20T09:57:12","slug":"clients","status":"publish","type":"page","link":"http:\/\/thisislilja.com\/?page_id=815","title":{"rendered":"KUNDEN"},"content":{"rendered":"\n<p class=\"has-normal-font-size\">Personen und Firmen, die mir ihre Produktionen und Projekte anvertraut haben&#8230; *<\/p>\n\n\n\n<div style=\"height:20px\" aria-hidden=\"true\" class=\"wp-block-spacer\"><\/div>\n\n\n\n<h3 class=\"wp-block-heading\">(POST)PRODUCTION FIRMEN<\/h3>\n\n\n\n<p class=\"has-text-color has-medium-font-size\" style=\"color:#5f9fa4\">harbour hamburg . 27km . sterntag . Chunk .  Antiplot . It&#8217;s Us . CommonVision. Element E . Commonvision &#8230; <\/p>\n\n\n\n<div style=\"height:20px\" aria-hidden=\"true\" class=\"wp-block-spacer\"><\/div>\n\n\n\n<h3 class=\"wp-block-heading\">AGENTUREN<\/h3>\n\n\n\n<p class=\"has-text-color has-medium-font-size\" style=\"color:#5f9fa4\">arouse . ddbo . ddb .  gingco . Grabartz &amp; Partner . JvM .  Ogylvi . Schipper Company . Scholz &amp; friends . +knauss  &#8230;<\/p>\n\n\n\n<div style=\"height:20px\" aria-hidden=\"true\" class=\"wp-block-spacer\"><\/div>\n\n\n\n<h3 class=\"wp-block-heading\">REGISSEURE<\/h3>\n\n\n\n<p class=\"has-text-color has-medium-font-size\" style=\"color:#5f9fa4\">Tommy Bert\u00e9 .  Marc Bethke . Zoran Biha\u0107 . Greg Bray . Daniel B\u00f6rjesson . Sergi Castell\u00e0 . Marcel Glauche . Pascal Heiduk . Kay Kienzler .  Nils M\u00fcnter .  Noise . Kai Otto . Joe Roman . Lino Russell . S\u00f8ren Schaller . Ismael ten Heuvel . The Pelorian Brothers . Matthijs van Heijningen . Woods, TheReids &#8230;<\/p>\n\n\n\n<div style=\"height:20px\" aria-hidden=\"true\" class=\"wp-block-spacer\"><\/div>\n\n\n\n<h3 class=\"wp-block-heading\" id=\"mce_5\">MARKEN<\/h3>\n\n\n\n<p class=\"has-text-color has-medium-font-size\" style=\"color:#5f9fa4\">Audi . BMW . Das Handwerk . easyCredit . Edeka . Fischersman&#8217;s friend . FSAG . Franziskaner . GUHL . Holidaycheck . HYUNDAI . Joe Nimble . KFC. mini . Montblanc . NIVEA . Obi . Porsche . Roller . SAP . VW , Salomon, Zalando &#8230;<\/p>\n\n\n\n<div style=\"height:20px\" aria-hidden=\"true\" class=\"wp-block-spacer\"><\/div>\n\n\n\n<h3 class=\"wp-block-heading\" id=\"mce_5\">KUNDEN F\u00dcR A.M.P.<\/h3>\n\n\n\n<p class=\"has-text-color has-medium-font-size\" style=\"color:#5f9fa4\">KulturLeben Hildesheim e.V. . Kunstvermittlung Hildesheim . KV-KLS .  Stadt Hannover . Mobiles Beratungs Team Hamburg . 27km . harbour hamburg . Curly Pictures . ZEPPELIN Museum . Freilicht Museum Hagen &#8230;<\/p>\n\n\n\n<p><\/p>\n\n\n\n<p class=\"has-small-font-size\"><em>*ich freue mich darauf, die Liste zu erweitern<\/em><\/p>\n","protected":false},"excerpt":{"rendered":"<p>Personen und Firmen, die mir ihre Produktionen und Projekte anvertraut haben&#8230; * (POST)PRODUCTION FIRMEN harbour hamburg . 27km . sterntag . Chunk . Antiplot . It&#8217;s Us . CommonVision. Element E . Commonvision &#8230; AGENTUREN arouse . ddbo . ddb . gingco . Grabartz &amp; Partner . JvM . Ogylvi . Schipper Company . Scholz <\/p>\n","protected":false},"author":1,"featured_media":0,"parent":0,"menu_order":3,"comment_status":"closed","ping_status":"closed","template":"","meta":[],"_links":{"self":[{"href":"http:\/\/thisislilja.com\/index.php?rest_route=\/wp\/v2\/pages\/815"}],"collection":[{"href":"http:\/\/thisislilja.com\/index.php?rest_route=\/wp\/v2\/pages"}],"about":[{"href":"http:\/\/thisislilja.com\/index.php?rest_route=\/wp\/v2\/types\/page"}],"author":[{"embeddable":true,"href":"http:\/\/thisislilja.com\/index.php?rest_route=\/wp\/v2\/users\/1"}],"replies":[{"embeddable":true,"href":"http:\/\/thisislilja.com\/index.php?rest_route=%2Fwp%2Fv2%2Fcomments&post=815"}],"version-history":[{"count":23,"href":"http:\/\/thisislilja.com\/index.php?rest_route=\/wp\/v2\/pages\/815\/revisions"}],"predecessor-version":[{"id":1190,"href":"http:\/\/thisislilja.com\/index.php?rest_route=\/wp\/v2\/pages\/815\/revisions\/1190"}],"wp:attachment":[{"href":"http:\/\/thisislilja.com\/index.php?rest_route=%2Fwp%2Fv2%2Fmedia&parent=815"}],"curies":[{"name":"wp","href":"https:\/\/api.w.org\/{rel}","templated":true}]}}